{"id":7,"date":"2020-11-29T10:01:31","date_gmt":"2020-11-29T09:01:31","guid":{"rendered":"https:\/\/www.annelieniklasson.se\/?page_id=7"},"modified":"2025-12-30T20:33:57","modified_gmt":"2025-12-30T19:33:57","slug":"cv-annelie-niklasson","status":"publish","type":"page","link":"https:\/\/www.annelieniklasson.se\/","title":{"rendered":"OM\/CV"},"content":{"rendered":"<p>[et_pb_section fb_built=&#8221;1&#8243; admin_label=&#8221;Page Header&#8221; _builder_version=&#8221;4.16&#8243; background_color=&#8221;#FFFFFF&#8221; background_enable_image=&#8221;off&#8221; min_height=&#8221;363px&#8221; custom_padding=&#8221;67px|0px|0px|0px|false|false&#8221; animation_style=&#8221;zoom&#8221; animation_intensity_zoom=&#8221;4%&#8221; global_colors_info=&#8221;{}&#8221;][et_pb_row _builder_version=&#8221;4.16&#8243; _module_preset=&#8221;default&#8221; custom_margin=&#8221;|auto|58px|auto||&#8221; custom_padding=&#8221;0px|||||&#8221; global_colors_info=&#8221;{}&#8221;][et_pb_column type=&#8221;4_4&#8243; _builder_version=&#8221;4.16&#8243; _module_preset=&#8221;default&#8221; global_colors_info=&#8221;{}&#8221;][et_pb_text _builder_version=&#8221;4.16&#8243; _module_preset=&#8221;default&#8221; custom_margin=&#8221;||39px|||&#8221; global_colors_info=&#8221;{}&#8221;]<\/p>\n<h1><span style=\"color: #ffffff;\"><strong>nannelie.niklasson.se<\/strong><\/span><\/h1>\n<h1><strong>Annelie Niklasson portfolio<\/strong><\/h1>\n<p><span>Erfaren Grafisk Designer <span style=\"color: #000000;\">|<\/span> Projektledare <span style=\"color: #000000;\">|<\/span> Produktionsledare <span style=\"color: #000000;\">|<\/span> Kommunikat\u00f6r <span style=\"color: #000000;\">| <\/span>Marknadsassistent <span style=\"color: #000000;\">|<\/span> Marknadsansvarig<\/span><\/p>\n<p>[\/et_pb_text][\/et_pb_column][\/et_pb_row][\/et_pb_section][et_pb_section fb_built=&#8221;1&#8243; admin_label=&#8221;About Us Section&#8221; _builder_version=&#8221;4.16&#8243; background_image=&#8221;http:\/\/media.annelieniklasson.se\/2021\/01\/dots-1024&#215;256.png&#8221; width=&#8221;100%&#8221; max_width=&#8221;100%&#8221; module_alignment=&#8221;center&#8221; min_height=&#8221;100px&#8221; custom_margin=&#8221;-105px|5%||5%||&#8221; custom_margin_tablet=&#8221;&#8221; custom_margin_phone=&#8221;|0px||0px&#8221; custom_margin_last_edited=&#8221;on|phone&#8221; custom_padding=&#8221;10%||0px|||&#8221; animation_style=&#8221;zoom&#8221; animation_direction=&#8221;top&#8221; animation_intensity_zoom=&#8221;5%&#8221; box_shadow_style=&#8221;preset7&#8243; box_shadow_horizontal=&#8221;0px&#8221; box_shadow_vertical=&#8221;-200px&#8221; box_shadow_color=&#8221;#ffffff&#8221; global_colors_info=&#8221;{}&#8221;][et_pb_row column_structure=&#8221;2_3,1_3&#8243; admin_label=&#8221;About Us Area&#8221; _builder_version=&#8221;4.16&#8243; background_size=&#8221;initial&#8221; background_position=&#8221;top_left&#8221; background_repeat=&#8221;repeat&#8221; custom_padding=&#8221;27px|0px|0px|0px&#8221; global_colors_info=&#8221;{}&#8221;][et_pb_column type=&#8221;2_3&#8243; _builder_version=&#8221;4.16&#8243; custom_padding=&#8221;|||&#8221; global_colors_info=&#8221;{}&#8221; custom_padding__hover=&#8221;|||&#8221;][et_pb_text admin_label=&#8221;Title&#8221; _builder_version=&#8221;4.16&#8243; text_font=&#8221;Montserrat||||||||&#8221; text_text_color=&#8221;#747d88&#8243; text_font_size=&#8221;16px&#8221; text_line_height=&#8221;1.9em&#8221; header_font=&#8221;||||||||&#8221; header_text_align=&#8221;left&#8221; header_2_font=&#8221;Montserrat|700||on|||||&#8221; header_2_font_size=&#8221;42px&#8221; header_2_line_height=&#8221;1.3em&#8221; header_3_line_height=&#8221;1.3em&#8221; background_color=&#8221;#f7f7f7&#8243; background_size=&#8221;initial&#8221; background_position=&#8221;top_left&#8221; background_repeat=&#8221;repeat&#8221; max_width=&#8221;826px&#8221; module_alignment=&#8221;left&#8221; custom_margin=&#8221;|||&#8221; custom_padding=&#8221;10%|10%|10%|10%&#8221; animation_style=&#8221;slide&#8221; animation_direction=&#8221;bottom&#8221; animation_intensity_slide=&#8221;4%&#8221; animation_starting_opacity=&#8221;100%&#8221; box_shadow_style=&#8221;preset1&#8243; box_shadow_vertical=&#8221;15px&#8221; box_shadow_blur=&#8221;45px&#8221; box_shadow_color=&#8221;rgba(0,0,0,0.15)&#8221; locked=&#8221;off&#8221; global_colors_info=&#8221;{}&#8221;]<\/p>\n<h3 class=\"mt1 t-18 t-black t-normal break-words\">Med fokus p\u00e5 m\u00e5lgrupp och syfte planerar, organiserar, skapar och f\u00f6rmedlar jag den r\u00e4tta k\u00e4nsla med f\u00e4rg och form.<\/h3>\n<p>Med m\u00e5nga \u00e5r inom den grafiska branschen, event branding, arbete p\u00e5 tryckeri och p\u00e5 global marknadsavdelning f\u00f6rst\u00e5r jag vikten av att f\u00f6rmedla m\u00e5lanpassad kommunikation, v\u00e5rda och st\u00e4rka f\u00f6retagets identitet, planera och vara proaktiv f\u00f6r att p\u00e5 b\u00e4sta s\u00e4tt se, m\u00f6ta och l\u00f6sa framtida utmaningar.\u00a0<\/p>\n<p>[\/et_pb_text][\/et_pb_column][et_pb_column type=&#8221;1_3&#8243; _builder_version=&#8221;4.16&#8243; custom_padding=&#8221;|||&#8221; global_colors_info=&#8221;{}&#8221; custom_padding__hover=&#8221;|||&#8221;][\/et_pb_column][\/et_pb_row][\/et_pb_section][et_pb_section fb_built=&#8221;1&#8243; admin_label=&#8221;Quote Section&#8221; _builder_version=&#8221;4.16&#8243; background_color=&#8221;#FFF347&#8243; custom_margin=&#8221;|||&#8221; custom_padding=&#8221;44px|0px|110px|0px||&#8221; animation_style=&#8221;zoom&#8221; animation_direction=&#8221;bottom&#8221; animation_intensity_zoom=&#8221;4%&#8221; animation_starting_opacity=&#8221;100%&#8221; locked=&#8221;off&#8221; global_colors_info=&#8221;{}&#8221;][et_pb_row column_structure=&#8221;1_4,3_4&#8243; admin_label=&#8221;Quote&#8221; _builder_version=&#8221;4.16&#8243; background_size=&#8221;initial&#8221; background_position=&#8221;top_left&#8221; background_repeat=&#8221;repeat&#8221; global_colors_info=&#8221;{}&#8221;][et_pb_column type=&#8221;1_4&#8243; _builder_version=&#8221;4.16&#8243; custom_padding=&#8221;|||&#8221; global_colors_info=&#8221;{}&#8221; custom_padding__hover=&#8221;|||&#8221;][et_pb_text _builder_version=&#8221;4.16&#8243; _module_preset=&#8221;default&#8221; background_color=&#8221;RGBA(0,0,0,0)&#8221; global_colors_info=&#8221;{}&#8221;]<\/p>\n<h3><strong>Yrkeserfarenhet:<\/strong><\/h3>\n<p>&nbsp;<\/p>\n<p>[\/et_pb_text][\/et_pb_column][et_pb_column type=&#8221;3_4&#8243; _builder_version=&#8221;4.16&#8243; custom_padding=&#8221;|||&#8221; global_colors_info=&#8221;{}&#8221; custom_padding__hover=&#8221;|||&#8221;][et_pb_text _builder_version=&#8221;4.27.5&#8243; _module_preset=&#8221;default&#8221; global_colors_info=&#8221;{}&#8221;]<\/p>\n<p><strong>Tillv\u00e4xt Motala AB, Marknadsansvarig\/projektledare 2023-<br \/><\/strong>Som marknadsansvarig har jag ett \u00f6vergripande ansvar f\u00f6r att marknadsf\u00f6ra Tillv\u00e4xt Motala AB, Motalas n\u00e4ringslivsbolag. I rollen ing\u00e5r \u00e4ven att st\u00e4rka, v\u00e5rda och utveckla platsvarum\u00e4rket Motala, \u00d6sterg\u00f6tlands sj\u00f6stad. Genom n\u00e4tverket &#8221;Livet i Motala&#8221; planerar jag kampanjer f\u00f6r relevanta kanaler som ska locka till platsen och tillsammans med mina kollegor arbetar jag f\u00f6r att utveckla Motalas befintliga n\u00e4ringsliv, skapa f\u00f6ruts\u00e4ttningar f\u00f6r nya etableringar, kompetensutveckling och f\u00f6r att marknadsf\u00f6ra platsen som bes\u00f6ksm\u00e5l och boplats. Jag har \u00e4ven drivit och varit ansvarig projektledare f\u00f6r Motala Expo, \u00d6sterg\u00f6tlands st\u00f6rsta n\u00e4ringslivsm\u00e4ssa.<\/p>\n<p><strong>RBT Wood, timanst\u00e4lld Grafisk Designer 2020-<\/strong><br \/>F\u00f6retag RBT Wood startade sin verksamhet med m\u00e5let att skapa arbetstillf\u00e4llen i glesbygden och jag fick \u00e4ran att arbeta fram logotyp och grafisk profil f\u00f6r de nystartade f\u00f6retagen Eldringen och senare \u00e4ven f\u00f6r Scandinavien Dome. Arbetet forts\u00e4tter nu med att f\u00f6rvalta och utveckla dessa varum\u00e4rken med marknadsmaterial i takt med att f\u00f6retaget tar plats p\u00e5 marknaden.\u00a0<\/p>\n<p><strong>Enersize, Grafisk Designer 2020-2022<\/strong><br \/>Konsultuppdrag f\u00f6r att arbeta fram grafiskt profil som ska st\u00e4rka Enersize position p\u00e5 en nationell och internationell marknad. Kontinuerligt arbete med att producera grafiskt material s\u00e5 som broschyrer, digitalt material f\u00f6r web och sociala media, film och ppt-presentationer.<\/p>\n<p><strong>\u00d6oB, Marknadsassistent 2019-2023<\/strong><br \/>Grafisk produktion, administration och service med drive-to-store marketing i fokus. Delaktig i planering av t\u00e4vlingar, aktiviteter f\u00f6r digitala och sociala medier, produkt- och milj\u00f6fotografering.<\/p>\n<p><strong>Occas AB, timanst\u00e4lld Grafisk konsult 2018<\/strong><br \/>Occas AB, konsultf\u00f6retaget inom skolskjuts, serviceresor och trafiks\u00e4kerhet.<br \/>Kreativt och strategiskt bollplank f\u00f6r marknadskommunikation. Produktion av logotyper, grafisk profil, broschyrer, digital skyltning samt m\u00e4ssmaterial.<\/p>\n<p><strong>Jakobs Apotek, timanst\u00e4lld Grafisk konsult 2018<\/strong><br \/>Jakobs Apotek, webbutik f\u00f6r kosttillskotten och kroppsv\u00e5rdsprodukter.<br \/>Uppdatering av inneh\u00e5ll i webbshop och kreativt och strategiskt bollplank f\u00f6r grafiskt material och planering av marknadsstrategi.<\/p>\n<p><strong>IFS World AB, Grafisk Designer\/Projektledare 2002\u20132018<\/strong><br \/>IFS World AB, globalt aff\u00e4rssystemleverant\u00f6r, representerat i 43 l\u00e4nder.<br \/>P\u00e5 IFS globala inhousebyr\u00e5, har jag tillsammans med copywriter och projektledare, i vissa fall \u00e4ven med externa reklambyr\u00e5er, skapat material f\u00f6r att marknadsf\u00f6ra och kommunicera f\u00f6retaget globalt B2B via kampanjer, events, film, webb och sociala media. Jag har drivit projekt vilket har inneburit b\u00e5de administration, produktions\u00adplanering och kreativt skapande. Supporterat v\u00e5ra lokala marknadsavdelningar med mallar och material f\u00f6r lokala event och kampanjer, haft kontakt med externa leverant\u00f6rer och samarbetspartner globalt, lokalt, internt och externt.<\/p>\n<p><strong>Specialuppdrag:<\/strong> Projektledare och grafiskt ansvarig f\u00f6r v\u00e4rldskonferenser (Barcelona 2013, Boston 2015, G\u00f6teborg 2016) vilket inneburit att ha budgetansvar, skapa, planera, kvalitetss\u00e4kra och koordinera all grafik f\u00f6r: intern och extern kommunikation till web och nyhetsbrev, branding av konferensanl\u00e4ggning exteri\u00f6rt och interi\u00f6rt, mallar f\u00f6r presentationer, bilder och illustrationer.<\/p>\n<p><strong>Specialuppdrag:<\/strong> Framtagning av ny grafisk profil (2010) som idag ligger till grund f\u00f6r IFS kommunikation och marknadsf\u00f6ring. Sakkunnig i \u201dgrafiskt r\u00e5d\u201d f\u00f6r att ge rekommendationer och sprida kunskap om \u201dIFS look and feel\u201d internt och externt, lokalt och globalt.<\/p>\n<p><span style=\"color: #000000;\"><strong>Servicetryck i Motala 1998\u20132001<\/strong><\/span><br \/>Originalarbete, bildbearbetning och formgivning, framtagning av trycksaker och direktkontakt med kund och leverant\u00f6rer.<\/p>\n<p>[\/et_pb_text][\/et_pb_column][\/et_pb_row][et_pb_row column_structure=&#8221;1_4,3_4&#8243; _builder_version=&#8221;4.16&#8243; _module_preset=&#8221;default&#8221; global_colors_info=&#8221;{}&#8221;][et_pb_column type=&#8221;1_4&#8243; _builder_version=&#8221;4.16&#8243; _module_preset=&#8221;default&#8221; global_colors_info=&#8221;{}&#8221;][et_pb_text _builder_version=&#8221;4.16&#8243; _module_preset=&#8221;default&#8221; global_colors_info=&#8221;{}&#8221;]<\/p>\n<h3><strong>Utbildningar:<\/strong><\/h3>\n<p>[\/et_pb_text][\/et_pb_column][et_pb_column type=&#8221;3_4&#8243; _builder_version=&#8221;4.16&#8243; _module_preset=&#8221;default&#8221; global_colors_info=&#8221;{}&#8221;][et_pb_text _builder_version=&#8221;4.16&#8243; _module_preset=&#8221;default&#8221; global_colors_info=&#8221;{}&#8221;]<\/p>\n<p><b>Marknadsf\u00f6ring i sociala medier \u2013 Nordic Tech Institute 2022<br \/><\/b>Ger kunnande i att genomf\u00f6ra marknadsf\u00f6ringsaktiviteter i teori och praktiken f\u00f6r sociala medier. Distansutbildning.<\/p>\n<p><b>Diplomerad kommunikat\u00f6r \u2013 Grensman &amp; Grensmans AB 2021-2022<br \/><\/b>Helt\u00e4ckande YH-utbildning f\u00f6r strategier och planering, praktiska verktyg och optimering f\u00f6r inbound marketing i samtliga kanaler. Ger spetskunskap i att anv\u00e4nda metoder och verktyg f\u00f6r att skapa relevant inneh\u00e5ll och formulera slagkraftiga budskap.<br \/>1 termin. <a href=\"https:\/\/grensmans.se\/e-utbildning-kommunikator\/\" target=\"_blank\" rel=\"noopener\">grensmans.se\/e-utbildning-kommunikator\/<\/a><br \/><strong><\/strong><strong><\/strong><\/p>\n<p><strong>Att skriva f\u00f6r webb och interaktiva medier \u2013 S\u00f6dert\u00f6rns H\u00f6gskola 2021<br \/><\/strong><span>Kursen ger teoretiska och praktiska f\u00e4rdigheter i att blir en vassare skribent och kunskap i de f\u00f6ruts\u00e4ttningar som g\u00e4ller f\u00f6r att analysera och skriva effektivt f\u00f6r web och interaktiva medier.\u00a0<\/span><br \/>Distansutbildning 7,5 p.<\/p>\n<p><strong>Marknadsf\u00f6ring \u2013 M\u00e4lardalens universitet 2020<\/strong><br \/>Marknadsf\u00f6ring b\u00e5de ur en praktisk och teoretisk synvinkel. Ger en \u201dverktygsl\u00e5da\u201d med kunskap om grundl\u00e4ggande teorier och marknadsbegrepp.<br \/>Distansutbildning 7,5 p.<\/p>\n<p><strong>Digital marknadsf\u00f6ring \u2013 IHM Business School 2019<\/strong><br \/>Grundl\u00e4ggande kunskaper i digital marknadsf\u00f6ring fr\u00e5n strategi till konvertering och optimering, Genomg\u00e5ng av metodik, verktyg och teknik f\u00f6r att optimera och analysera digital marknadsf\u00f6ring f\u00f6r att ta korrekta beslut p\u00e5 strategisk niv\u00e5.<br \/>4-dagars intensivkurs.<\/p>\n<p><strong>F\u00e4rgl\u00e4ra \u2013 Bor\u00e5s universitet 2019<\/strong><br \/>F\u00e4rgers p\u00e5verkan, symbolspr\u00e5k och f\u00e4rgkombinationer p\u00e5 ett teoretiskt och praktiskt sett. Distansutbildning 10,5 p<\/p>\n<p><strong>Projektledning \u2013 WEDS-Tommy Wedlund 2018<\/strong><br \/>Etablering av projekt, planering, budget, uppf\u00f6ljning, kontroll, risker, gruppdynamik och projektmetoder. 4-dagars intensivkurs.<\/p>\n<p><strong>Praktisk projektledning \u2013 Stockholms Universitet 2017<\/strong><br \/>Introduktion till projektledning och dess metoder. Kursen ger projektledningsf\u00e4rdigheter inom: etablering av projekt, planering, budget, uppf\u00f6ljning, kontroll, risker, gruppdynamik och projektmetoder.<br \/>Distansutbildning 7,5 p.<\/p>\n<p><strong>Professionell Art Director \u2013 Batteri Kommunikation 2016<\/strong><br \/>Marknadskommunikation, grafisk kommunikation, breif och analys, metod f\u00f6r kreativt arbete, skissteknik och presentation.<br \/>Distanskurs 10 veckor.<\/p>\n<p><strong>Webbpublicering, teknik, design, kommunikation \u2013 <\/strong><strong>Link\u00f6pings universitet 2011<\/strong><br \/>Fokus p\u00e5 webbteknologi, publiceringsverktyg f\u00f6r blog, wiki, diskussionsforum, virtuella samh\u00e4llen. Grundl\u00e4ggande programmering som CSS, Javascript, SEO samt XHTML \/ XML. Grundl\u00e4ggande webbdesign hur man realiserar sin design, samt hur tekniska l\u00f6sningar p\u00e5verkar kommunikation.<br \/>Distansutbildning 7,5 p.<\/p>\n<p><strong>Grafisk formgivning och illustration 1999<\/strong><br \/>Distansutbildning, RMI-Berghs School of Communication<\/p>\n<p><strong>Grafisk webproduktion, Media 2000 1997<\/strong><br \/>1-\u00e5rig Grundutbildning f\u00f6r webproduktion, HTML, CSS kodning<\/p>\n<p>[\/et_pb_text][\/et_pb_column][\/et_pb_row][et_pb_row column_structure=&#8221;1_4,3_4&#8243; _builder_version=&#8221;4.16&#8243; _module_preset=&#8221;default&#8221; global_colors_info=&#8221;{}&#8221;][et_pb_column type=&#8221;1_4&#8243; _builder_version=&#8221;4.16&#8243; _module_preset=&#8221;default&#8221; global_colors_info=&#8221;{}&#8221;][et_pb_text _builder_version=&#8221;4.16&#8243; _module_preset=&#8221;default&#8221; global_colors_info=&#8221;{}&#8221;]<\/p>\n<p>\u00d6vrigt:<\/p>\n<p>[\/et_pb_text][\/et_pb_column][et_pb_column type=&#8221;3_4&#8243; _builder_version=&#8221;4.16&#8243; _module_preset=&#8221;default&#8221; global_colors_info=&#8221;{}&#8221;][et_pb_text _builder_version=&#8221;4.16&#8243; _module_preset=&#8221;default&#8221; global_colors_info=&#8221;{}&#8221;]<\/p>\n<p><strong>Spr\u00e5k:<\/strong><br \/>Goda kunskaper i svenska och engelska<\/p>\n<p><strong>Programvaror:<\/strong><br \/>InDesign, Illustrator, Acrobat, Photoshop, Office paketet. Har \u00e4ven vilande kunskaper i Google Trends\/Ads\/Analytics, CMS, HTML- och CSS-kodning.<\/p>\n<p><strong>Har B-k\u00f6rkort<\/strong><\/p>\n<p><strong>Referenser hittas p\u00e5 LinkedIn:<\/strong><br \/>linkedin.com\/in\/annelie-niklasson<br \/>Ytterligare referenser skickas vid intresse.<\/p>\n<p><strong>Ideella \u00e5taganden<\/strong><br \/>Personalansvar och servering. VIP restaurang, Piraterna Speedway, Motala<\/p>\n<p>&nbsp;<\/p>\n<p>[\/et_pb_text][\/et_pb_column][\/et_pb_row][\/et_pb_section][et_pb_section fb_built=&#8221;1&#8243; fullwidth=&#8221;on&#8221; _builder_version=&#8221;4.16&#8243; _module_preset=&#8221;default&#8221; global_colors_info=&#8221;{}&#8221;][\/et_pb_section][et_pb_section fb_built=&#8221;1&#8243; admin_label=&#8221;Contact Form Section&#8221; _builder_version=&#8221;4.16&#8243; background_color=&#8221;#FFF347&#8243; custom_padding=&#8221;110px||110px|&#8221; animation_style=&#8221;zoom&#8221; animation_direction=&#8221;bottom&#8221; animation_intensity_zoom=&#8221;10%&#8221; saved_tabs=&#8221;all&#8221; global_colors_info=&#8221;{}&#8221;][et_pb_row admin_label=&#8221;Service Section Title&#8221; _builder_version=&#8221;4.16&#8243; custom_margin=&#8221;||40px|&#8221; animation_style=&#8221;fade&#8221; animation_direction=&#8221;top&#8221; locked=&#8221;off&#8221; global_colors_info=&#8221;{}&#8221;][et_pb_column type=&#8221;4_4&#8243; _builder_version=&#8221;4.16&#8243; custom_padding=&#8221;|||&#8221; global_colors_info=&#8221;{}&#8221; custom_padding__hover=&#8221;|||&#8221;][et_pb_text admin_label=&#8221;Title&#8221; _builder_version=&#8221;4.16&#8243; text_font=&#8221;Montserrat||||||||&#8221; text_text_color=&#8221;#747d88&#8243; text_font_size=&#8221;16px&#8221; text_line_height=&#8221;1.9em&#8221; header_font=&#8221;||||||||&#8221; header_2_font=&#8221;Montserrat|700||on|||||&#8221; header_2_font_size=&#8221;42px&#8221; header_2_line_height=&#8221;1.3em&#8221; background_size=&#8221;initial&#8221; background_position=&#8221;top_left&#8221; background_repeat=&#8221;repeat&#8221; text_orientation=&#8221;center&#8221; max_width=&#8221;700px&#8221; module_alignment=&#8221;center&#8221; animation_style=&#8221;slide&#8221; animation_direction=&#8221;bottom&#8221; animation_intensity_slide=&#8221;4%&#8221; global_colors_info=&#8221;{}&#8221;]<\/p>\n<h2>Intesserad?<\/h2>\n<p>[\/et_pb_text][et_pb_text admin_label=&#8221;Subtitle&#8221; _builder_version=&#8221;4.16&#8243; text_font=&#8221;Montserrat||||&#8221; text_text_color=&#8221;#353740&#8243; text_font_size=&#8221;16px&#8221; header_font=&#8221;||||||||&#8221; background_size=&#8221;initial&#8221; background_position=&#8221;top_left&#8221; background_repeat=&#8221;repeat&#8221; text_orientation=&#8221;center&#8221; max_width=&#8221;700px&#8221; module_alignment=&#8221;center&#8221; custom_margin=&#8221;|||&#8221; animation_style=&#8221;slide&#8221; animation_direction=&#8221;bottom&#8221; animation_delay=&#8221;100ms&#8221; animation_intensity_slide=&#8221;4%&#8221; global_colors_info=&#8221;{}&#8221;]<\/p>\n<p>H\u00f6r av dig s\u00e5 tar vi en kopp och pratar projekt, design och marknadsf\u00f6ring?<\/p>\n<p>[\/et_pb_text][\/et_pb_column][\/et_pb_row][et_pb_row admin_label=&#8221;Contact Form&#8221; _builder_version=&#8221;4.16&#8243; animation_style=&#8221;fade&#8221; collapsed=&#8221;on&#8221; global_colors_info=&#8221;{}&#8221;][et_pb_column type=&#8221;4_4&#8243; _builder_version=&#8221;4.16&#8243; custom_padding=&#8221;|||&#8221; global_colors_info=&#8221;{}&#8221; custom_padding__hover=&#8221;|||&#8221;][et_pb_contact_form captcha=&#8221;off&#8221; email=&#8221;annelie.niklasson@telia.com&#8221; submit_button_text=&#8221;Send&#8221; module_id=&#8221;et_pb_contact_form_0&#8243; _builder_version=&#8221;4.16&#8243; _unique_id=&#8221;88d9f422-dc50-4dff-b528-63f75c921bee&#8221; form_field_background_color=&#8221;rgba(255,255,255,0)&#8221; form_field_text_color=&#8221;#353740&#8243; form_field_font=&#8221;Montserrat||||&#8221; form_field_font_size=&#8221;16px&#8221; custom_button=&#8221;on&#8221; button_text_color=&#8221;#ffffff&#8221; button_border_width=&#8221;5px&#8221; button_border_color=&#8221;#ffffff&#8221; button_border_radius=&#8221;100px&#8221; button_letter_spacing=&#8221;2px&#8221; button_font=&#8221;Montserrat|on||on|&#8221; button_icon=&#8221;&#x45;||divi||400&#8243; button_icon_color=&#8221;#ffffff&#8221; max_width=&#8221;800px&#8221; module_alignment=&#8221;center&#8221; animation_style=&#8221;fade&#8221; box_shadow_style=&#8221;preset7&#8243; box_shadow_horizontal=&#8221;0px&#8221; box_shadow_vertical=&#8221;-1px&#8221; box_shadow_color=&#8221;rgba(0,0,0,0.18)&#8221; form_background_color=&#8221;rgba(255,255,255,0)&#8221; global_colors_info=&#8221;{}&#8221;][et_pb_contact_field field_id=&#8221;Namn&#8221; field_title=&#8221;Namn&#8221; fullwidth_field=&#8221;on&#8221; _builder_version=&#8221;4.16&#8243; global_colors_info=&#8221;{}&#8221; button_text_size__hover_enabled=&#8221;off&#8221; button_one_text_size__hover_enabled=&#8221;off&#8221; button_two_text_size__hover_enabled=&#8221;off&#8221; button_text_color__hover_enabled=&#8221;off&#8221; button_one_text_color__hover_enabled=&#8221;off&#8221; button_two_text_color__hover_enabled=&#8221;off&#8221; button_border_width__hover_enabled=&#8221;off&#8221; button_one_border_width__hover_enabled=&#8221;off&#8221; button_two_border_width__hover_enabled=&#8221;off&#8221; button_border_color__hover_enabled=&#8221;off&#8221; button_one_border_color__hover_enabled=&#8221;off&#8221; button_two_border_color__hover_enabled=&#8221;off&#8221; button_border_radius__hover_enabled=&#8221;off&#8221; button_one_border_radius__hover_enabled=&#8221;off&#8221; button_two_border_radius__hover_enabled=&#8221;off&#8221; button_letter_spacing__hover_enabled=&#8221;off&#8221; button_one_letter_spacing__hover_enabled=&#8221;off&#8221; button_two_letter_spacing__hover_enabled=&#8221;off&#8221; button_bg_color__hover_enabled=&#8221;off&#8221; button_one_bg_color__hover_enabled=&#8221;off&#8221; button_two_bg_color__hover_enabled=&#8221;off&#8221;][\/et_pb_contact_field][et_pb_contact_field field_id=&#8221;Email&#8221; field_title=&#8221;Email&#8221; field_type=&#8221;email&#8221; fullwidth_field=&#8221;on&#8221; _builder_version=&#8221;4.16&#8243; global_colors_info=&#8221;{}&#8221; button_text_size__hover_enabled=&#8221;off&#8221; button_one_text_size__hover_enabled=&#8221;off&#8221; button_two_text_size__hover_enabled=&#8221;off&#8221; button_text_color__hover_enabled=&#8221;off&#8221; button_one_text_color__hover_enabled=&#8221;off&#8221; button_two_text_color__hover_enabled=&#8221;off&#8221; button_border_width__hover_enabled=&#8221;off&#8221; button_one_border_width__hover_enabled=&#8221;off&#8221; button_two_border_width__hover_enabled=&#8221;off&#8221; button_border_color__hover_enabled=&#8221;off&#8221; button_one_border_color__hover_enabled=&#8221;off&#8221; button_two_border_color__hover_enabled=&#8221;off&#8221; button_border_radius__hover_enabled=&#8221;off&#8221; button_one_border_radius__hover_enabled=&#8221;off&#8221; button_two_border_radius__hover_enabled=&#8221;off&#8221; button_letter_spacing__hover_enabled=&#8221;off&#8221; button_one_letter_spacing__hover_enabled=&#8221;off&#8221; button_two_letter_spacing__hover_enabled=&#8221;off&#8221; button_bg_color__hover_enabled=&#8221;off&#8221; button_one_bg_color__hover_enabled=&#8221;off&#8221; button_two_bg_color__hover_enabled=&#8221;off&#8221;][\/et_pb_contact_field][et_pb_contact_field field_id=&#8221;Meddelande&#8221; field_title=&#8221;Meddelande&#8221; field_type=&#8221;text&#8221; fullwidth_field=&#8221;on&#8221; _builder_version=&#8221;4.16&#8243; custom_margin=&#8221;||60px|&#8221; custom_padding=&#8221;|||&#8221; global_colors_info=&#8221;{}&#8221; button_text_size__hover_enabled=&#8221;off&#8221; button_one_text_size__hover_enabled=&#8221;off&#8221; button_two_text_size__hover_enabled=&#8221;off&#8221; button_text_color__hover_enabled=&#8221;off&#8221; button_one_text_color__hover_enabled=&#8221;off&#8221; button_two_text_color__hover_enabled=&#8221;off&#8221; button_border_width__hover_enabled=&#8221;off&#8221; button_one_border_width__hover_enabled=&#8221;off&#8221; button_two_border_width__hover_enabled=&#8221;off&#8221; button_border_color__hover_enabled=&#8221;off&#8221; button_one_border_color__hover_enabled=&#8221;off&#8221; button_two_border_color__hover_enabled=&#8221;off&#8221; button_border_radius__hover_enabled=&#8221;off&#8221; button_one_border_radius__hover_enabled=&#8221;off&#8221; button_two_border_radius__hover_enabled=&#8221;off&#8221; button_letter_spacing__hover_enabled=&#8221;off&#8221; button_one_letter_spacing__hover_enabled=&#8221;off&#8221; button_two_letter_spacing__hover_enabled=&#8221;off&#8221; button_bg_color__hover_enabled=&#8221;off&#8221; button_one_bg_color__hover_enabled=&#8221;off&#8221; button_two_bg_color__hover_enabled=&#8221;off&#8221;][\/et_pb_contact_field][\/et_pb_contact_form][\/et_pb_column][\/et_pb_row][\/et_pb_section]<\/p>\n","protected":false},"excerpt":{"rendered":"<p>nannelie.niklasson.se Annelie Niklasson portfolio Erfaren Grafisk Designer | Projektledare | Produktionsledare | Kommunikat\u00f6r | Marknadsassistent | MarknadsansvarigMed fokus p\u00e5 m\u00e5lgrupp och syfte planerar, organiserar, skapar och f\u00f6rmedlar jag den r\u00e4tta k\u00e4nsla med f\u00e4rg och form. Med m\u00e5nga \u00e5r inom den grafiska branschen, event branding, arbete p\u00e5 tryckeri och p\u00e5 global marknadsavdelning f\u00f6rst\u00e5r jag vikten av [&hellip;]<\/p>\n","protected":false},"author":1,"featured_media":0,"parent":0,"menu_order":0,"comment_status":"closed","ping_status":"closed","template":"","meta":{"_et_pb_use_builder":"on","_et_pb_old_content":"","_et_gb_content_width":"","footnotes":""},"class_list":["post-7","page","type-page","status-publish","hentry"],"_links":{"self":[{"href":"https:\/\/www.annelieniklasson.se\/index.php?rest_route=\/wp\/v2\/pages\/7","targetHints":{"allow":["GET"]}}],"collection":[{"href":"https:\/\/www.annelieniklasson.se\/index.php?rest_route=\/wp\/v2\/pages"}],"about":[{"href":"https:\/\/www.annelieniklasson.se\/index.php?rest_route=\/wp\/v2\/types\/page"}],"author":[{"embeddable":true,"href":"https:\/\/www.annelieniklasson.se\/index.php?rest_route=\/wp\/v2\/users\/1"}],"replies":[{"embeddable":true,"href":"https:\/\/www.annelieniklasson.se\/index.php?rest_route=%2Fwp%2Fv2%2Fcomments&post=7"}],"version-history":[{"count":85,"href":"https:\/\/www.annelieniklasson.se\/index.php?rest_route=\/wp\/v2\/pages\/7\/revisions"}],"predecessor-version":[{"id":557,"href":"https:\/\/www.annelieniklasson.se\/index.php?rest_route=\/wp\/v2\/pages\/7\/revisions\/557"}],"wp:attachment":[{"href":"https:\/\/www.annelieniklasson.se\/index.php?rest_route=%2Fwp%2Fv2%2Fmedia&parent=7"}],"curies":[{"name":"wp","href":"https:\/\/api.w.org\/{rel}","templated":true}]}}