{"id":209,"date":"2021-09-11T15:13:34","date_gmt":"2021-09-11T13:13:34","guid":{"rendered":"https:\/\/www.annelieniklasson.se\/?page_id=209"},"modified":"2021-09-23T17:35:17","modified_gmt":"2021-09-23T15:35:17","slug":"blogg","status":"publish","type":"page","link":"https:\/\/www.annelieniklasson.se\/?page_id=209","title":{"rendered":"Blogg"},"content":{"rendered":"<p>[et_pb_section fb_built=&#8221;1&#8243; admin_label=&#8221;Hero&#8221; _builder_version=&#8221;3.22&#8243; background_image=&#8221;http:\/\/media.annelieniklasson.se\/2020\/11\/circle-background-pattern.png&#8221; custom_padding=&#8221;|||&#8221; animation_style=&#8221;zoom&#8221; animation_intensity_zoom=&#8221;4%&#8221; global_colors_info=&#8221;{}&#8221;][et_pb_row _builder_version=&#8221;3.25&#8243; background_size=&#8221;initial&#8221; background_position=&#8221;top_left&#8221; background_repeat=&#8221;repeat&#8221; custom_padding=&#8221;|||&#8221; animation_style=&#8221;slide&#8221; animation_direction=&#8221;top&#8221; animation_intensity_slide=&#8221;3%&#8221; global_colors_info=&#8221;{}&#8221;][et_pb_column type=&#8221;4_4&#8243; _builder_version=&#8221;3.25&#8243; custom_padding=&#8221;|||&#8221; global_colors_info=&#8221;{}&#8221; custom_padding__hover=&#8221;|||&#8221;][et_pb_text _builder_version=&#8221;4.10.7&#8243; text_font=&#8221;||||||||&#8221; header_font=&#8221;Montserrat|700||on|||||dotted&#8221; header_text_color=&#8221;#353740&#8243; header_font_size=&#8221;60px&#8221; header_line_height=&#8221;1.3em&#8221; background_size=&#8221;initial&#8221; background_position=&#8221;top_left&#8221; background_repeat=&#8221;repeat&#8221; custom_margin=&#8221;|||&#8221; animation_style=&#8221;fade&#8221; header_font_size_last_edited=&#8221;off|desktop&#8221; locked=&#8221;off&#8221; global_colors_info=&#8221;{}&#8221;]<\/p>\n<h1>Min Blogg<\/h1>\n<p>Den h\u00e4r bloggen startade jag f\u00f6r att dela mina inl\u00e4mningar f\u00f6r &#8221;Att skriva f\u00f6r webb och interaktiva medier&#8221; men vem vet kanske, kanske kommer det mer&#8230;<\/p>\n<p>[\/et_pb_text][et_pb_divider show_divider=&#8221;off&#8221; disabled_on=&#8221;on|on|off&#8221; _builder_version=&#8221;3.2&#8243; max_width=&#8221;120px&#8221; animation_style=&#8221;slide&#8221; animation_direction=&#8221;top&#8221; animation_intensity_slide=&#8221;30%&#8221; global_colors_info=&#8221;{}&#8221;][\/et_pb_divider][\/et_pb_column][\/et_pb_row][\/et_pb_section][et_pb_section fb_built=&#8221;1&#8243; admin_label=&#8221;Blog Section&#8221; _builder_version=&#8221;4.10.7&#8243; custom_margin=&#8221;|||&#8221; custom_padding=&#8221;110px||70px|&#8221; global_colors_info=&#8221;{}&#8221;][et_pb_row use_custom_gutter=&#8221;on&#8221; gutter_width=&#8221;2&#8243; admin_label=&#8221;Blog Area&#8221; _builder_version=&#8221;3.25&#8243; max_width=&#8221;80%&#8221; use_custom_width=&#8221;on&#8221; width_unit=&#8221;off&#8221; global_colors_info=&#8221;{}&#8221;][et_pb_column type=&#8221;4_4&#8243; _builder_version=&#8221;3.25&#8243; custom_padding=&#8221;|||&#8221; global_colors_info=&#8221;{}&#8221; custom_padding__hover=&#8221;|||&#8221;][et_pb_blog fullwidth=&#8221;off&#8221; posts_number=&#8221;9&#8243; include_categories=&#8221;3&#8243; show_categories=&#8221;off&#8221; admin_label=&#8221;Blogg&#8221; _builder_version=&#8221;4.10.7&#8243; header_font=&#8221;Montserrat|on|||&#8221; header_text_color=&#8221;#353740&#8243; header_font_size=&#8221;22px&#8221; header_line_height=&#8221;1.2em&#8221; body_font=&#8221;Montserrat||||&#8221; body_text_color=&#8221;#747d88&#8243; body_font_size=&#8221;16px&#8221; body_line_height=&#8221;1.8em&#8221; meta_font=&#8221;Montserrat||||&#8221; meta_text_color=&#8221;#949ba3&#8243; pagination_font=&#8221;Montserrat||||&#8221; pagination_text_color=&#8221;#747d88&#8243; animation_style=&#8221;fade&#8221; border_width_all=&#8221;1px&#8221; border_color_all=&#8221;#d8d8d8&#8243; border_style_all=&#8221;solid&#8221; border_width_all_fullwidth=&#8221;1px&#8221; border_color_all_fullwidth=&#8221;#d8d8d8&#8243; border_style_all_fullwidth=&#8221;solid&#8221; box_shadow_style=&#8221;preset1&#8243; box_shadow_blur=&#8221;24px&#8221; box_shadow_color=&#8221;rgba(53,55,64,0.1)&#8221; use_border_color=&#8221;on&#8221; global_colors_info=&#8221;{}&#8221;][\/et_pb_blog][\/et_pb_column][\/et_pb_row][\/et_pb_section]<\/p>\n","protected":false},"excerpt":{"rendered":"<p>Intervju av Charlie Barr f\u00f6r l\u00f6rdagsbilagan i lokaltidning.<br \/>\nM\u00f6te med m\u00e4nniskor del 1<\/p>\n<p>En gammal mans historia om havet &#8211; som kunde ha blivit hans d\u00f6d.<br \/>\nIdag ska vi tr\u00e4ffa Charlie, en gammal sj\u00f6man med m\u00e5nga minnen fr\u00e5n sin tid p\u00e5 de sju haven. Han sitter p\u00e5 en b\u00e4nk nere i G\u00f6teborgs hamn och blickar ut \u00f6ver hamninloppet med ro i blicken. Det var h\u00e4r allt b\u00f6rjade en g\u00e5ng f\u00f6r l\u00e4nge sedan.<br \/>\n\u2013 H\u00e4r trivs jag, s\u00e4ger Charlie n\u00e4r jag sl\u00e5r mig ner bredvid honom. Han ber\u00e4ttar att han ofta bes\u00f6ker denna plats, ja n\u00e4stan varje dag, f\u00f6r att f\u00e5 k\u00e4nna n\u00e4rheten till havet, se b\u00e5tarna och dr\u00f6mma sig tillbaka till en tid full av minnen. Han har alltid tid f\u00f6r en historia och ber\u00e4ttar g\u00e4rna f\u00f6r den som vill lyssna, men han har \u00e4ven tid f\u00f6r den som vill ber\u00e4tta. Trots sin \u00e5lder och erfarenhet av livet, har han sin nyfikenhet kvar.<br \/>\nCharlie var en av m\u00e5nga svenska unga m\u00e4n som gav sig ut i v\u00e4rlden f\u00f6r att s\u00f6ka f\u00f6rs\u00f6rjning och \u00e4ventyr till sj\u00f6ss. Som fick slita h\u00e5rt men som \u00e4ven fick uppt\u00e4cka v\u00e4rlden, l\u00e4ra k\u00e4nna nya kulturer och l\u00e4ra sig nya spr\u00e5k.<br \/>\nHan sitter tyst och tittar ut \u00f6ver hamnen och b\u00f6rjar sakta ber\u00e4tta. Jag beh\u00f6ver inte st\u00e4lla n\u00e5gra fr\u00e5gor.<br \/>\n\u2013 Jag b\u00f6rjade min resa, som ung grabb, p\u00e5 en tr\u00e5lare, ja en fiskeb\u00e5t, du vet? Jag ler och nickar, jag har gjort min l\u00e4xa och l\u00e4st p\u00e5.<br \/>\n\u2013 Resan gick mot Aberdeen och d\u00e4r fick jag chansen att m\u00f6nstrade p\u00e5 en motorseglare vid namn Aileen Alannah som trimmer. En trimmer stod l\u00e4ngst ner i rang p\u00e5 en \u00e5ngb\u00e5t och fick slita h\u00e5rt f\u00f6r att f\u00e5 fram kol till eldarna, s\u00e5 att \u00e5ngan kunde h\u00e5llas uppe i pannan.<br \/>\n \u2013 Vi var tv\u00e5 trimmare i varje kolbox, stora som hus och sex man d\u00e4r uppe. Vi fraktade oftast stenkol och koks fr\u00e5n Sunderland till Santa Cruz. L\u00f6nen var d\u00e5lig och vi levde p\u00e5 te, konserver och kex men vi h\u00f6ll \u00e5ngan uppe f\u00f6r chefens skull.<br \/>\n\u2013 Han var en bra gubbe som bj\u00f6d p\u00e5 en whiskey d\u00e5 och d\u00e5, den ville man ju inte missa. It\u2019s a very old whiskey my boy, sa han och h\u00e4llde i. Med lite br\u00e4nnvin i kroppen steg hum\u00f6ret och vi st\u00e4mde ofta upp i s\u00e5ng, I was born by the side of the sea. Det var stunder man minns med gl\u00e4dje, s\u00e4ger Charlie och ler.<br \/>\n\u2013 I Newcastle best\u00e4mde jag mig f\u00f6r att hoppa av och s\u00f6ka hyra p\u00e5 n\u00e5gon annan skuta. Det blev som eldare p\u00e5 Bermudas, ett fartyg p\u00e5 5 ton som \u00e4gdes av Stevenson Line. Den var tr\u00e5ng och j\u00e4vlig nere i maskin och jag sa ofta att det var ett syndastraff att jag hamnade d\u00e4r. Kolet var s\u00e5 d\u00e5ligt s\u00e5 vi fick ta bort slagg i pannan tv\u00e5 g\u00e5nger per skift, det var ett h\u00e5rt slit.<br \/>\n\u2013 N\u00e4r vi stod d\u00e4r nere i maskin och verktyg och gl\u00f6dande slagg dr\u00e4llde runt, svettiga och svarta av aska, svor vi p\u00e5 matroserna som inte kunde styra rakt.<br \/>\n\u2013 I Valencia skulle vi lasta om men d\u00e5 best\u00e4mde jag mig f\u00f6r att smita, jag var tr\u00f6tt, mager och slutk\u00f6rd. Uppkl\u00e4dd och fin gick jag in p\u00e5 en bar och d\u00e4r tr\u00e4ffade jag en rar liten flicka. Hon tog hand om mig under en tid och g\u00f6dde upp mig med kyckling och vin.<br \/>\nVar det den f\u00f6rsta stora k\u00e4rleken, fr\u00e5gar jag?<br \/>\n\u2013 Ja, s\u00e5 var det och jag har henne att tacka f\u00f6r mycket, nickar han. Hon r\u00e4ddade mitt liv skulle jag tro. &#8211; Men det h\u00e5ll jag ju p\u00e5 att mista p\u00e5 min n\u00e4sta resa, he he.<br \/>\n\u2013 Vi l\u00e5g i hamn i Bordeaux och d\u00e5 skulle pannorna g\u00f6ras ren inf\u00f6r n\u00e4sta resa. Pannorna kallnar och man t\u00f6mmer kitteln p\u00e5 vattnet s\u00e5 att man kan krypa in f\u00f6r att hacka bort rost. Jag kr\u00f6p ner i den kolsvarta kitteln med en hacka men var s\u00e5 tr\u00f6tt att jag somnade och vaknade f\u00f6rst n\u00e4r vattnet b\u00f6rjade fyllas p\u00e5. N\u00e5gon hade skruvat fast manluckan utan att titta in, s\u00e5 jag kom inte ut. Vattnet steg och det b\u00f6rjade eldas, ingen h\u00f6rde n\u00e4r jag knackade och skrek och jag t\u00e4nkte att nu \u00e4r min sista stund kommen. N\u00e4r jag som b\u00e4st b\u00f6rjat l\u00e4sa min Fader v\u00e5r och trodde att min sista stund var kommen, \u00f6ppnades lucka och f\u00f6rmannen tittade in. Han r\u00e4ddade mig fr\u00e5n att bli kokt men han var nog gladas f\u00f6r att f\u00e5 tillbaka sin hacka. Det var sista g\u00e5ngen jag somnade p\u00e5 fel st\u00e4lle.<\/p>\n<p>Detta \u00e4r en fiktiv intervju uppgift i kursen \u2019Att skriva f\u00f6r webben och interaktiva medier\u2019, vid S\u00f6dert\u00f6rns H\u00f6gskola.<\/p>\n","protected":false},"author":1,"featured_media":243,"parent":0,"menu_order":0,"comment_status":"closed","ping_status":"closed","template":"","meta":{"_et_pb_use_builder":"on","_et_pb_old_content":"","_et_gb_content_width":"","footnotes":""},"class_list":["post-209","page","type-page","status-publish","has-post-thumbnail","hentry"],"_links":{"self":[{"href":"https:\/\/www.annelieniklasson.se\/index.php?rest_route=\/wp\/v2\/pages\/209","targetHints":{"allow":["GET"]}}],"collection":[{"href":"https:\/\/www.annelieniklasson.se\/index.php?rest_route=\/wp\/v2\/pages"}],"about":[{"href":"https:\/\/www.annelieniklasson.se\/index.php?rest_route=\/wp\/v2\/types\/page"}],"author":[{"embeddable":true,"href":"https:\/\/www.annelieniklasson.se\/index.php?rest_route=\/wp\/v2\/users\/1"}],"replies":[{"embeddable":true,"href":"https:\/\/www.annelieniklasson.se\/index.php?rest_route=%2Fwp%2Fv2%2Fcomments&post=209"}],"version-history":[{"count":21,"href":"https:\/\/www.annelieniklasson.se\/index.php?rest_route=\/wp\/v2\/pages\/209\/revisions"}],"predecessor-version":[{"id":320,"href":"https:\/\/www.annelieniklasson.se\/index.php?rest_route=\/wp\/v2\/pages\/209\/revisions\/320"}],"wp:featuredmedia":[{"embeddable":true,"href":"https:\/\/www.annelieniklasson.se\/index.php?rest_route=\/wp\/v2\/media\/243"}],"wp:attachment":[{"href":"https:\/\/www.annelieniklasson.se\/index.php?rest_route=%2Fwp%2Fv2%2Fmedia&parent=209"}],"curies":[{"name":"wp","href":"https:\/\/api.w.org\/{rel}","templated":true}]}}